{"id":30,"date":"2017-07-11T06:30:09","date_gmt":"2017-07-11T06:30:09","guid":{"rendered":"https:\/\/websitedemos.net\/astra-lite-demo-4\/?page_id=12"},"modified":"2021-06-13T16:23:39","modified_gmt":"2021-06-13T16:23:39","slug":"el-encuentro","status":"publish","type":"page","link":"https:\/\/encuentro.ecotopia.es\/?page_id=30","title":{"rendered":"El Encuentro"},"content":{"rendered":"\t\t<div data-elementor-type=\"wp-post\" data-elementor-id=\"30\" class=\"elementor elementor-30\">\n\t\t\t\t\t\t<section class=\"elementor-section elementor-top-section elementor-element elementor-element-imlmosz elementor-section-boxed elementor-section-height-default elementor-section-height-default\" data-id=\"imlmosz\" data-element_type=\"section\" data-e-type=\"section\" data-settings=\"{&quot;background_background&quot;:&quot;classic&quot;}\">\n\t\t\t\t\t\t\t<div class=\"elementor-background-overlay\"><\/div>\n\t\t\t\t\t\t\t<div class=\"elementor-container elementor-column-gap-default\">\n\t\t\t\t\t<div class=\"elementor-column elementor-col-100 elementor-top-column elementor-element elementor-element-zbhtvtn\" data-id=\"zbhtvtn\" data-element_type=\"column\" data-e-type=\"column\">\n\t\t\t<div class=\"elementor-widget-wrap elementor-element-populated\">\n\t\t\t\t\t\t<div class=\"elementor-element elementor-element-e373dad elementor-widget elementor-widget-heading\" data-id=\"e373dad\" data-element_type=\"widget\" data-e-type=\"widget\" data-widget_type=\"heading.default\">\n\t\t\t\t<div class=\"elementor-widget-container\">\n\t\t\t\t\t<h2 class=\"elementor-heading-title elementor-size-default\">EL ENCUENTRO<\/h2>\t\t\t\t<\/div>\n\t\t\t\t<\/div>\n\t\t\t\t\t<\/div>\n\t\t<\/div>\n\t\t\t\t\t<\/div>\n\t\t<\/section>\n\t\t\t\t<section class=\"elementor-section elementor-top-section elementor-element elementor-element-509887e elementor-section-boxed elementor-section-height-default elementor-section-height-default\" data-id=\"509887e\" data-element_type=\"section\" data-e-type=\"section\">\n\t\t\t\t\t\t<div class=\"elementor-container elementor-column-gap-default\">\n\t\t\t\t\t<div class=\"elementor-column elementor-col-33 elementor-top-column elementor-element elementor-element-9846b5b\" data-id=\"9846b5b\" data-element_type=\"column\" data-e-type=\"column\">\n\t\t\t<div class=\"elementor-widget-wrap elementor-element-populated\">\n\t\t\t\t\t\t<div class=\"elementor-element elementor-element-f9df9ea elementor-widget elementor-widget-text-editor\" data-id=\"f9df9ea\" data-element_type=\"widget\" data-e-type=\"widget\" data-widget_type=\"text-editor.default\">\n\t\t\t\t<div class=\"elementor-widget-container\">\n\t\t\t\t\t\t\t\t\t<p class=\"MsoNormal\"><span style=\"font-size: 12.0pt; line-height: 115%; mso-bidi-font-family: Calibri; mso-bidi-theme-font: minor-latin;\">Desde hace 30 a\u00f1os llevamos creando en<br \/>familia amplia un futuro aborigen, con autosuficiencia de agua, tierra, energ\u00eda, salud, arte y esp\u00edritu.<\/span><\/p><p class=\"MsoNormal\"><span style=\"font-size: 12.0pt; line-height: 115%; mso-bidi-font-family: Calibri; mso-bidi-theme-font: minor-latin;\">Con este Encuentro de Verano en Isla Ecotop\u00eda buscamos a los mutantes que buscan la SALIDA, para ayudarnos juntos en simbiosis a dar el salto evolutivo que la Humanidad necesita en estos momentos.<\/span><\/p>\t\t\t\t\t\t\t\t<\/div>\n\t\t\t\t<\/div>\n\t\t\t\t\t<\/div>\n\t\t<\/div>\n\t\t\t\t<div class=\"elementor-column elementor-col-33 elementor-top-column elementor-element elementor-element-ec84822\" data-id=\"ec84822\" data-element_type=\"column\" data-e-type=\"column\">\n\t\t\t<div class=\"elementor-widget-wrap elementor-element-populated\">\n\t\t\t\t\t\t<div class=\"elementor-element elementor-element-185861a elementor-widget elementor-widget-text-editor\" data-id=\"185861a\" data-element_type=\"widget\" data-e-type=\"widget\" data-widget_type=\"text-editor.default\">\n\t\t\t\t<div class=\"elementor-widget-container\">\n\t\t\t\t\t\t\t\t\t<p><span style=\"font-size: 16px; font-style: normal; font-weight: 600;\">Es un viaje al que te puedes apuntar los d\u00edas que quieras (m\u00ednimo 3) y disfrutar del entorno privilegiado y del ambiente creativo que mantendremos durante todo el verano.<\/span><\/p><p><span style=\"font-size: 16px; font-style: normal; font-weight: 600;\">Se realizar\u00e1n todo tipo de talleres y<\/span><br \/><span style=\"font-size: 16px; font-style: normal; font-weight: 600;\">tareas grupales, que combinaremos con<\/span><br \/><span style=\"font-size: 16px; font-style: normal; font-weight: 600;\">labores de servicio a ECOTOPIA, mejorando el lugar para los que vengan despu\u00e9s.<\/span><span style=\"font-size: 16px; font-style: normal; font-weight: 600;\"><br \/><\/span><\/p>\t\t\t\t\t\t\t\t<\/div>\n\t\t\t\t<\/div>\n\t\t\t\t\t<\/div>\n\t\t<\/div>\n\t\t\t\t<div class=\"elementor-column elementor-col-33 elementor-top-column elementor-element elementor-element-99eb5f5\" data-id=\"99eb5f5\" data-element_type=\"column\" data-e-type=\"column\">\n\t\t\t<div class=\"elementor-widget-wrap elementor-element-populated\">\n\t\t\t\t\t\t<div class=\"elementor-element elementor-element-f18789b elementor-widget elementor-widget-text-editor\" data-id=\"f18789b\" data-element_type=\"widget\" data-e-type=\"widget\" data-widget_type=\"text-editor.default\">\n\t\t\t\t<div class=\"elementor-widget-container\">\n\t\t\t\t\t\t\t\t\t<p><span style=\"font-size: 16px; font-style: normal; font-weight: 600;\">Las\u00a0<\/span><span style=\"font-size: 16px; font-style: normal; font-weight: 600;\"><strong>actividades ser\u00e1n gratuitas<\/strong> y solo se cobrar\u00e1 la estancia y la comida.<\/span><\/p><p>Isla ECOTOPIA es una Colonia Espacial fuera del Juego del Sistema.<\/p><p>Se articula hacia el futuro como la Universidad de los Siete Rayos del Sistema Grround:<\/p>\t\t\t\t\t\t\t\t<\/div>\n\t\t\t\t<\/div>\n\t\t\t\t\t<\/div>\n\t\t<\/div>\n\t\t\t\t\t<\/div>\n\t\t<\/section>\n\t\t\t\t<section class=\"elementor-section elementor-top-section elementor-element elementor-element-d8302c7 elementor-section-boxed elementor-section-height-default elementor-section-height-default\" data-id=\"d8302c7\" data-element_type=\"section\" data-e-type=\"section\" data-settings=\"{&quot;background_background&quot;:&quot;classic&quot;}\">\n\t\t\t\t\t\t<div class=\"elementor-container elementor-column-gap-default\">\n\t\t\t\t\t<div class=\"elementor-column elementor-col-100 elementor-top-column elementor-element elementor-element-db898f8\" data-id=\"db898f8\" data-element_type=\"column\" data-e-type=\"column\">\n\t\t\t<div class=\"elementor-widget-wrap elementor-element-populated\">\n\t\t\t\t\t\t<div class=\"elementor-element elementor-element-ef59c3d elementor-widget elementor-widget-text-editor\" data-id=\"ef59c3d\" data-element_type=\"widget\" data-e-type=\"widget\" data-widget_type=\"text-editor.default\">\n\t\t\t\t<div class=\"elementor-widget-container\">\n\t\t\t\t\t\t\t\t\t<p><span style=\"color: #ff0000;\">\u2022 Rayo Rojo. La gesti\u00f3n de la materia:<\/span> H\u00e1bitat, dinero, poder, sexo\u2026<br \/><span style=\"color: #ff6600;\">\u2022 Rayo Naranja. La Autogesti\u00f3n de la Salud:<\/span> Nutrici\u00f3n Simbi\u00f3tica<br \/><span style=\"color: #bf9900;\">\u2022 Rayo Amarillo. La Comunicaci\u00f3n y educaci\u00f3n:<\/span> Despertar en la Conciencia YoNosGea<br \/><span style=\"color: #339966;\">\u2022 Rayo Verde. La relaci\u00f3n con la naturaleza:<\/span> Jard\u00edn Comestible del Buen Sentir<br \/><span style=\"color: #00ccff;\">\u2022 Rayo Azul. La ciencia y tecnolog\u00eda:<\/span> La Autonom\u00eda de Energ\u00eda por Fuentes Renovables de Isla Ecotop\u00eda<br \/><span style=\"color: #0000ff;\">\u2022 Rayo A\u00f1il. El arte sagrado:<\/span> El Arte de ZeroHero en la Taberna de Zenx<br \/><span style=\"color: #993366;\">\u2022 Rayo Violeta. El esp\u00edritu y lo trascendente<\/span>: La Psina\u00fatica o la Ps\u00edquica Cu\u00e1ntica<\/p>\t\t\t\t\t\t\t\t<\/div>\n\t\t\t\t<\/div>\n\t\t\t\t\t<\/div>\n\t\t<\/div>\n\t\t\t\t\t<\/div>\n\t\t<\/section>\n\t\t\t\t<section class=\"elementor-section elementor-top-section elementor-element elementor-element-b919818 elementor-section-boxed elementor-section-height-default elementor-section-height-default\" data-id=\"b919818\" data-element_type=\"section\" data-e-type=\"section\">\n\t\t\t\t\t\t<div class=\"elementor-container elementor-column-gap-default\">\n\t\t\t\t\t<div class=\"elementor-column elementor-col-100 elementor-top-column elementor-element elementor-element-6fc9ff7\" data-id=\"6fc9ff7\" data-element_type=\"column\" data-e-type=\"column\">\n\t\t\t<div class=\"elementor-widget-wrap elementor-element-populated\">\n\t\t\t\t\t\t<div class=\"elementor-element elementor-element-ef51f8c elementor-widget elementor-widget-spacer\" data-id=\"ef51f8c\" data-element_type=\"widget\" data-e-type=\"widget\" data-widget_type=\"spacer.default\">\n\t\t\t\t<div class=\"elementor-widget-container\">\n\t\t\t\t\t\t\t<div class=\"elementor-spacer\">\n\t\t\t<div class=\"elementor-spacer-inner\"><\/div>\n\t\t<\/div>\n\t\t\t\t\t\t<\/div>\n\t\t\t\t<\/div>\n\t\t\t\t\t<\/div>\n\t\t<\/div>\n\t\t\t\t\t<\/div>\n\t\t<\/section>\n\t\t\t\t<section class=\"elementor-section elementor-top-section elementor-element elementor-element-05d632b elementor-section-boxed elementor-section-height-default elementor-section-height-default\" data-id=\"05d632b\" data-element_type=\"section\" data-e-type=\"section\">\n\t\t\t\t\t\t<div class=\"elementor-container elementor-column-gap-default\">\n\t\t\t\t\t<div class=\"elementor-column elementor-col-100 elementor-top-column elementor-element elementor-element-e97d3d9\" data-id=\"e97d3d9\" data-element_type=\"column\" data-e-type=\"column\">\n\t\t\t<div class=\"elementor-widget-wrap elementor-element-populated\">\n\t\t\t\t\t\t<div class=\"elementor-element elementor-element-cd04deb elementor-widget elementor-widget-heading\" data-id=\"cd04deb\" data-element_type=\"widget\" data-e-type=\"widget\" data-widget_type=\"heading.default\">\n\t\t\t\t<div class=\"elementor-widget-container\">\n\t\t\t\t\t<h2 class=\"elementor-heading-title elementor-size-default\">OBJETIVOS<\/h2>\t\t\t\t<\/div>\n\t\t\t\t<\/div>\n\t\t\t\t\t<\/div>\n\t\t<\/div>\n\t\t\t\t\t<\/div>\n\t\t<\/section>\n\t\t\t\t<section class=\"elementor-section elementor-top-section elementor-element elementor-element-174f332 elementor-section-boxed elementor-section-height-default elementor-section-height-default\" data-id=\"174f332\" data-element_type=\"section\" data-e-type=\"section\">\n\t\t\t\t\t\t<div class=\"elementor-container elementor-column-gap-default\">\n\t\t\t\t\t<div class=\"elementor-column elementor-col-33 elementor-top-column elementor-element elementor-element-050e96e\" data-id=\"050e96e\" data-element_type=\"column\" data-e-type=\"column\">\n\t\t\t<div class=\"elementor-widget-wrap elementor-element-populated\">\n\t\t\t\t\t\t<div class=\"elementor-element elementor-element-9bfc037 elementor-widget elementor-widget-text-editor\" data-id=\"9bfc037\" data-element_type=\"widget\" data-e-type=\"widget\" data-widget_type=\"text-editor.default\">\n\t\t\t\t<div class=\"elementor-widget-container\">\n\t\t\t\t\t\t\t\t\t<p>Crear una EXPERIENCIA VITAL \u00fanica que nos limpie la mente de tensiones y pueda ayudar a sortear los impedimentos de la M\u00e1trix en el salto hacia un futuro con coraz\u00f3n.<\/p>\t\t\t\t\t\t\t\t<\/div>\n\t\t\t\t<\/div>\n\t\t\t\t\t<\/div>\n\t\t<\/div>\n\t\t\t\t<div class=\"elementor-column elementor-col-33 elementor-top-column elementor-element elementor-element-67ff79d\" data-id=\"67ff79d\" data-element_type=\"column\" data-e-type=\"column\">\n\t\t\t<div class=\"elementor-widget-wrap elementor-element-populated\">\n\t\t\t\t\t\t<div class=\"elementor-element elementor-element-006235f elementor-widget elementor-widget-text-editor\" data-id=\"006235f\" data-element_type=\"widget\" data-e-type=\"widget\" data-widget_type=\"text-editor.default\">\n\t\t\t\t<div class=\"elementor-widget-container\">\n\t\t\t\t\t\t\t\t\t<p style=\"margin-left: 0.64cm; margin-bottom: 0.35cm;\">Generar v\u00ednculo de encuentro entre la gente mutante ecotopiana, que busca la salida de la Ciudad Laberinto, para ayudar a despertar la conciencia grupal de la YoNosGea en el planeta.<\/p>\t\t\t\t\t\t\t\t<\/div>\n\t\t\t\t<\/div>\n\t\t\t\t\t<\/div>\n\t\t<\/div>\n\t\t\t\t<div class=\"elementor-column elementor-col-33 elementor-top-column elementor-element elementor-element-71ed948\" data-id=\"71ed948\" data-element_type=\"column\" data-e-type=\"column\">\n\t\t\t<div class=\"elementor-widget-wrap elementor-element-populated\">\n\t\t\t\t\t\t<div class=\"elementor-element elementor-element-d76dacc elementor-widget elementor-widget-text-editor\" data-id=\"d76dacc\" data-element_type=\"widget\" data-e-type=\"widget\" data-widget_type=\"text-editor.default\">\n\t\t\t\t<div class=\"elementor-widget-container\">\n\t\t\t\t\t\t\t\t\t<p style=\"margin-left: 0.64cm; margin-bottom: 0.35cm;\">Atraer a tu vida el mundo en el que te gustar\u00eda vivir. Concienciarnos en la importancia de vivir en el mundo que so\u00f1amos.\u00a0<\/p>\t\t\t\t\t\t\t\t<\/div>\n\t\t\t\t<\/div>\n\t\t\t\t\t<\/div>\n\t\t<\/div>\n\t\t\t\t\t<\/div>\n\t\t<\/section>\n\t\t\t\t<section class=\"elementor-section elementor-top-section elementor-element elementor-element-60bbd85 elementor-section-boxed elementor-section-height-default elementor-section-height-default\" data-id=\"60bbd85\" data-element_type=\"section\" data-e-type=\"section\" data-settings=\"{&quot;background_background&quot;:&quot;classic&quot;}\">\n\t\t\t\t\t\t<div class=\"elementor-container elementor-column-gap-default\">\n\t\t\t\t\t<div class=\"elementor-column elementor-col-100 elementor-top-column elementor-element elementor-element-f4ab22d\" data-id=\"f4ab22d\" data-element_type=\"column\" data-e-type=\"column\">\n\t\t\t<div class=\"elementor-widget-wrap elementor-element-populated\">\n\t\t\t\t\t\t<div class=\"elementor-element elementor-element-c400f4a elementor-widget elementor-widget-text-editor\" data-id=\"c400f4a\" data-element_type=\"widget\" data-e-type=\"widget\" data-widget_type=\"text-editor.default\">\n\t\t\t\t<div class=\"elementor-widget-container\">\n\t\t\t\t\t\t\t\t\t<p style=\"text-align: center;\">Apoyar el proyecto Isla Ecotop\u00eda, que es una Estaci\u00f3n Espacial fuera de la gravedad terrestre.<\/p>\t\t\t\t\t\t\t\t<\/div>\n\t\t\t\t<\/div>\n\t\t\t\t\t<\/div>\n\t\t<\/div>\n\t\t\t\t\t<\/div>\n\t\t<\/section>\n\t\t\t\t<section class=\"elementor-section elementor-top-section elementor-element elementor-element-e94e6b4 elementor-section-boxed elementor-section-height-default elementor-section-height-default\" data-id=\"e94e6b4\" data-element_type=\"section\" data-e-type=\"section\">\n\t\t\t\t\t\t<div class=\"elementor-container elementor-column-gap-default\">\n\t\t\t\t\t<div class=\"elementor-column elementor-col-100 elementor-top-column elementor-element elementor-element-7f47841\" data-id=\"7f47841\" data-element_type=\"column\" data-e-type=\"column\">\n\t\t\t<div class=\"elementor-widget-wrap elementor-element-populated\">\n\t\t\t\t\t\t<div class=\"elementor-element elementor-element-f4dbcac elementor-widget elementor-widget-spacer\" data-id=\"f4dbcac\" data-element_type=\"widget\" data-e-type=\"widget\" data-widget_type=\"spacer.default\">\n\t\t\t\t<div class=\"elementor-widget-container\">\n\t\t\t\t\t\t\t<div class=\"elementor-spacer\">\n\t\t\t<div class=\"elementor-spacer-inner\"><\/div>\n\t\t<\/div>\n\t\t\t\t\t\t<\/div>\n\t\t\t\t<\/div>\n\t\t\t\t\t<\/div>\n\t\t<\/div>\n\t\t\t\t\t<\/div>\n\t\t<\/section>\n\t\t\t\t<section class=\"elementor-section elementor-top-section elementor-element elementor-element-259e148 elementor-section-boxed elementor-section-height-default elementor-section-height-default\" data-id=\"259e148\" data-element_type=\"section\" data-e-type=\"section\">\n\t\t\t\t\t\t<div class=\"elementor-container elementor-column-gap-default\">\n\t\t\t\t\t<div class=\"elementor-column elementor-col-100 elementor-top-column elementor-element elementor-element-7b99f3e\" data-id=\"7b99f3e\" data-element_type=\"column\" data-e-type=\"column\">\n\t\t\t<div class=\"elementor-widget-wrap elementor-element-populated\">\n\t\t\t\t\t\t<div class=\"elementor-element elementor-element-d82e9d0 elementor-widget elementor-widget-heading\" data-id=\"d82e9d0\" data-element_type=\"widget\" data-e-type=\"widget\" data-widget_type=\"heading.default\">\n\t\t\t\t<div class=\"elementor-widget-container\">\n\t\t\t\t\t<h2 class=\"elementor-heading-title elementor-size-default\">PROGRAMA<\/h2>\t\t\t\t<\/div>\n\t\t\t\t<\/div>\n\t\t\t\t\t<\/div>\n\t\t<\/div>\n\t\t\t\t\t<\/div>\n\t\t<\/section>\n\t\t\t\t<section class=\"elementor-section elementor-top-section elementor-element elementor-element-79f4a94 elementor-section-boxed elementor-section-height-default elementor-section-height-default\" data-id=\"79f4a94\" data-element_type=\"section\" data-e-type=\"section\" data-settings=\"{&quot;background_background&quot;:&quot;classic&quot;}\">\n\t\t\t\t\t\t<div class=\"elementor-container elementor-column-gap-default\">\n\t\t\t\t\t<div class=\"elementor-column elementor-col-33 elementor-top-column elementor-element elementor-element-a83a263\" data-id=\"a83a263\" data-element_type=\"column\" data-e-type=\"column\">\n\t\t\t<div class=\"elementor-widget-wrap elementor-element-populated\">\n\t\t\t\t\t\t<div class=\"elementor-element elementor-element-4189c8e elementor-widget elementor-widget-text-editor\" data-id=\"4189c8e\" data-element_type=\"widget\" data-e-type=\"widget\" data-widget_type=\"text-editor.default\">\n\t\t\t\t<div class=\"elementor-widget-container\">\n\t\t\t\t\t\t\t\t\t<ul><li>Claves para entrar en el Juego de LA SALIDA (del Tiempo Mundo) y en el Juego del LUGAR (Isla Ecotop\u00eda)<\/li><li>Principios b\u00e1sicos de la comunicaci\u00f3n grupal en una ecoaldea<\/li><li>Creando el reciclado de las aguas grises<\/li><li>La autogesti\u00f3n de la salud desde la Nutrici\u00f3n Simbi\u00f3tica<\/li><li>La autonom\u00eda energ\u00e9tica por fuentes renovables<\/li><li>Conocer muchos estilos de bioconstrucci\u00f3n (piedra, barro, paja, cal, madera\u2026)<\/li><li>La autonom\u00eda energ\u00e9tica por fuentes renovables<\/li><li style=\"font-size: 16px;\">Permacultura y Agricultura Regenerativa<\/li><li style=\"font-size: 16px;\">La Microbi\u00f3tica del h\u00e1bitat<\/li><\/ul>\t\t\t\t\t\t\t\t<\/div>\n\t\t\t\t<\/div>\n\t\t\t\t\t<\/div>\n\t\t<\/div>\n\t\t\t\t<div class=\"elementor-column elementor-col-33 elementor-top-column elementor-element elementor-element-aff9534\" data-id=\"aff9534\" data-element_type=\"column\" data-e-type=\"column\">\n\t\t\t<div class=\"elementor-widget-wrap elementor-element-populated\">\n\t\t\t\t\t\t<div class=\"elementor-element elementor-element-6d834f0 elementor-widget elementor-widget-text-editor\" data-id=\"6d834f0\" data-element_type=\"widget\" data-e-type=\"widget\" data-widget_type=\"text-editor.default\">\n\t\t\t\t<div class=\"elementor-widget-container\">\n\t\t\t\t\t\t\t\t\t<ul><li>Recetas de alimentos fermentados y crudiveganos<\/li><li>Fiestas y veladas m\u00e1gicas en la Taberna de Zenx<\/li><li>Meditaci\u00f3n YoNosGea<\/li><li>C\u00f3mo neutralizar el Lado Activo de la Sombra<\/li><li>Iniciaci\u00f3n en el Mmovimiento Grround de los 7 Rayos<\/li><li>Ba\u00f1os diarios en el r\u00edo GON y excursiones a lugares sagrados<\/li><li>El Poder de los MR (Microorganismos Regeneradores) para salvar el mundo<\/li><li>El Cubo del Tesoro. Como transformar los residuos org\u00e1nicos de la cocina en un s\u00faper compost fermentado<\/li><li><span style=\"font-size: 16px;\">Esencias y aceites vegetales: Desde la planta al alambique<\/span><\/li><\/ul>\t\t\t\t\t\t\t\t<\/div>\n\t\t\t\t<\/div>\n\t\t\t\t\t<\/div>\n\t\t<\/div>\n\t\t\t\t<div class=\"elementor-column elementor-col-33 elementor-top-column elementor-element elementor-element-7258396\" data-id=\"7258396\" data-element_type=\"column\" data-e-type=\"column\">\n\t\t\t<div class=\"elementor-widget-wrap elementor-element-populated\">\n\t\t\t\t\t\t<div class=\"elementor-element elementor-element-49ea7ca elementor-widget elementor-widget-text-editor\" data-id=\"49ea7ca\" data-element_type=\"widget\" data-e-type=\"widget\" data-widget_type=\"text-editor.default\">\n\t\t\t\t<div class=\"elementor-widget-container\">\n\t\t\t\t\t\t\t\t\t<ul><li>Introducci\u00f3n a la fitoterapia fermentativa<\/li><li>RUH. Remedio Universal Homeop\u00e1tico<\/li><li>Cuentos de poder para la transformaci\u00f3n interior<\/li><li>El C\u00edrculo del Ma\u00edz Azul y las profec\u00edas HOPI de los \u00faltimos tiempos<\/li><li>PsiBody. Despertando el Movimiento Universal en las C\u00e9lulas<\/li><li>Ba\u00f1os diarios en las piscinas naturales del r\u00edo GON<\/li><li>Excursiones a lugares sagrados del Juego del Lugar<\/li><li>La Taberna de Zenx: Arte, m\u00fasica, humor, performance, magia, teatro m\u00e1gico<\/li><\/ul>\t\t\t\t\t\t\t\t<\/div>\n\t\t\t\t<\/div>\n\t\t\t\t\t<\/div>\n\t\t<\/div>\n\t\t\t\t\t<\/div>\n\t\t<\/section>\n\t\t\t\t<section class=\"elementor-section elementor-top-section elementor-element elementor-element-8ea9b77 elementor-section-boxed elementor-section-height-default elementor-section-height-default\" data-id=\"8ea9b77\" data-element_type=\"section\" data-e-type=\"section\">\n\t\t\t\t\t\t<div class=\"elementor-container elementor-column-gap-default\">\n\t\t\t\t\t<div class=\"elementor-column elementor-col-100 elementor-top-column elementor-element elementor-element-a7c92f8\" data-id=\"a7c92f8\" data-element_type=\"column\" data-e-type=\"column\">\n\t\t\t<div class=\"elementor-widget-wrap elementor-element-populated\">\n\t\t\t\t\t\t<div class=\"elementor-element elementor-element-6dfd8ef elementor-widget__width-inherit elementor-widget elementor-widget-image\" data-id=\"6dfd8ef\" data-element_type=\"widget\" data-e-type=\"widget\" data-widget_type=\"image.default\">\n\t\t\t\t<div class=\"elementor-widget-container\">\n\t\t\t\t\t\t\t\t\t\t\t\t\t\t\t<img fetchpriority=\"high\" decoding=\"async\" width=\"1024\" height=\"710\" src=\"https:\/\/encuentro.ecotopia.es\/wp-content\/uploads\/2020\/06\/dibujo1-1024x710.jpg\" class=\"attachment-large size-large wp-image-1283\" alt=\"\" srcset=\"https:\/\/encuentro.ecotopia.es\/wp-content\/uploads\/2020\/06\/dibujo1-1024x710.jpg 1024w, https:\/\/encuentro.ecotopia.es\/wp-content\/uploads\/2020\/06\/dibujo1-300x208.jpg 300w, https:\/\/encuentro.ecotopia.es\/wp-content\/uploads\/2020\/06\/dibujo1-768x533.jpg 768w, https:\/\/encuentro.ecotopia.es\/wp-content\/uploads\/2020\/06\/dibujo1-1536x1066.jpg 1536w, https:\/\/encuentro.ecotopia.es\/wp-content\/uploads\/2020\/06\/dibujo1.jpg 1718w\" sizes=\"(max-width: 1024px) 100vw, 1024px\" \/>\t\t\t\t\t\t\t\t\t\t\t\t\t\t\t<\/div>\n\t\t\t\t<\/div>\n\t\t\t\t\t<\/div>\n\t\t<\/div>\n\t\t\t\t\t<\/div>\n\t\t<\/section>\n\t\t\t\t<\/div>\n\t\t","protected":false},"excerpt":{"rendered":"<p>EL ENCUENTRO Desde hace 30 a\u00f1os llevamos creando enfamilia amplia un futuro aborigen, con autosuficiencia de agua, tierra, energ\u00eda, salud, arte y esp\u00edritu. Con este Encuentro de Verano en Isla Ecotop\u00eda buscamos a los mutantes que buscan la SALIDA, para ayudarnos juntos en simbiosis a dar el salto evolutivo que la Humanidad necesita en estos [&hellip;]<\/p>\n","protected":false},"author":1,"featured_media":0,"parent":0,"menu_order":0,"comment_status":"closed","ping_status":"closed","template":"","meta":{"site-sidebar-layout":"no-sidebar","site-content-layout":"page-builder","ast-site-content-layout":"default","site-content-style":"default","site-sidebar-style":"default","ast-global-header-display":"","ast-banner-title-visibility":"","ast-main-header-display":"","ast-hfb-above-header-display":"","ast-hfb-below-header-display":"","ast-hfb-mobile-header-display":"","site-post-title":"disabled","ast-breadcrumbs-content":"","ast-featured-img":"disabled","footer-sml-layout":"","ast-disable-related-posts":"","theme-transparent-header-meta":"default","adv-header-id-meta":"","stick-header-meta":"","header-above-stick-meta":"","header-main-stick-meta":"","header-below-stick-meta":"","astra-migrate-meta-layouts":"default","ast-page-background-enabled":"default","ast-page-background-meta":{"desktop":{"background-color":"","background-image":"","background-repeat":"repeat","background-position":"center center","background-size":"auto","background-attachment":"scroll","background-type":"","background-media":"","overlay-type":"","overlay-color":"","overlay-opacity":"","overlay-gradient":""},"tablet":{"background-color":"","background-image":"","background-repeat":"repeat","background-position":"center center","background-size":"auto","background-attachment":"scroll","background-type":"","background-media":"","overlay-type":"","overlay-color":"","overlay-opacity":"","overlay-gradient":""},"mobile":{"background-color":"","background-image":"","background-repeat":"repeat","background-position":"center center","background-size":"auto","background-attachment":"scroll","background-type":"","background-media":"","overlay-type":"","overlay-color":"","overlay-opacity":"","overlay-gradient":""}},"ast-content-background-meta":{"desktop":{"background-color":"var(--ast-global-color-5)","background-image":"","background-repeat":"repeat","background-position":"center center","background-size":"auto","background-attachment":"scroll","background-type":"","background-media":"","overlay-type":"","overlay-color":"","overlay-opacity":"","overlay-gradient":""},"tablet":{"background-color":"var(--ast-global-color-5)","background-image":"","background-repeat":"repeat","background-position":"center center","background-size":"auto","background-attachment":"scroll","background-type":"","background-media":"","overlay-type":"","overlay-color":"","overlay-opacity":"","overlay-gradient":""},"mobile":{"background-color":"var(--ast-global-color-5)","background-image":"","background-repeat":"repeat","background-position":"center center","background-size":"auto","background-attachment":"scroll","background-type":"","background-media":"","overlay-type":"","overlay-color":"","overlay-opacity":"","overlay-gradient":""}},"footnotes":""},"class_list":["post-30","page","type-page","status-publish","hentry"],"_links":{"self":[{"href":"https:\/\/encuentro.ecotopia.es\/index.php?rest_route=\/wp\/v2\/pages\/30","targetHints":{"allow":["GET"]}}],"collection":[{"href":"https:\/\/encuentro.ecotopia.es\/index.php?rest_route=\/wp\/v2\/pages"}],"about":[{"href":"https:\/\/encuentro.ecotopia.es\/index.php?rest_route=\/wp\/v2\/types\/page"}],"author":[{"embeddable":true,"href":"https:\/\/encuentro.ecotopia.es\/index.php?rest_route=\/wp\/v2\/users\/1"}],"replies":[{"embeddable":true,"href":"https:\/\/encuentro.ecotopia.es\/index.php?rest_route=%2Fwp%2Fv2%2Fcomments&post=30"}],"version-history":[{"count":9,"href":"https:\/\/encuentro.ecotopia.es\/index.php?rest_route=\/wp\/v2\/pages\/30\/revisions"}],"predecessor-version":[{"id":1340,"href":"https:\/\/encuentro.ecotopia.es\/index.php?rest_route=\/wp\/v2\/pages\/30\/revisions\/1340"}],"wp:attachment":[{"href":"https:\/\/encuentro.ecotopia.es\/index.php?rest_route=%2Fwp%2Fv2%2Fmedia&parent=30"}],"curies":[{"name":"wp","href":"https:\/\/api.w.org\/{rel}","templated":true}]}}